{"id":31315,"date":"2025-11-30T12:56:30","date_gmt":"2025-11-30T11:56:30","guid":{"rendered":"https:\/\/imamalimoske.dk\/dk\/?page_id=31315"},"modified":"2025-11-30T12:56:35","modified_gmt":"2025-11-30T11:56:35","slug":"koranhuset","status":"publish","type":"page","link":"https:\/\/imamalimoske.dk\/dk\/koranhuset\/","title":{"rendered":"Koranhuset"},"content":{"rendered":"<h3 style=\"text-align: center;\">Koranhuset \u2013 Imam Ali (AS) Mosk\u00e9 (S\u00f8sterafdelingen)<br \/>\nAnnonce af Koranuddannelsesprogrammer for \u00e5ret 2018\u20132019<\/h3>\n<p style=\"text-align: left;\">S\u00f8sterafdelingen i Koranhuset ved Imam Ali (AS) Mosk\u00e9 annoncerer starten p\u00e5 sine koranuddannelsesprogrammer fra <strong>19\/08<\/strong>.<\/p>\n<h4 style=\"text-align: left;\">Klasseskema<\/h4>\n<ol style=\"text-align: left;\">\n<li style=\"text-align: justify;\">Avanceret Tajweed-regler klasse (Ungdom)<br \/>\nL\u00f8rdage \u2013 12:00 til 13:00<\/li>\n<li>Grundl\u00e6ggende Koranl\u00e6sning for persisktalende<br \/>\nL\u00f8rdage \u2013 14:00 til 15:00<\/li>\n<li>\n<p style=\"direction: ltr; text-align: justify;\">Takleef &amp; Let Fiqh klasse for piger (Alder 8\u201314)<\/p>\n<p style=\"direction: ltr; text-align: justify;\">Starter fra 15\/09<\/p>\n<p style=\"direction: ltr; text-align: justify;\">L\u00f8rdage \u2013 11:00 til 13:00<\/p>\n<\/li>\n<li style=\"text-align: justify;\">Arabisk sprogklasse (Alder 7\u201315) \u2013 Drenge &amp; Piger<br \/>\nS\u00f8ndage \u2013 11:00 til 13:00<\/li>\n<li style=\"text-align: justify;\">Koranindl\u00e6ringsklasse for b\u00f8rn &amp; unge<br \/>\nS\u00f8ndage \u2013 13:30 til 15:00<\/li>\n<li style=\"text-align: justify;\">Arabisk sprogklasse for ikke-arabisk talende (Ungdom &amp; voksne)<br \/>\nS\u00f8ndage \u2013 11:30 til 13:00<\/li>\n<li style=\"text-align: justify;\">Tajweed &amp; Flydende klasse for voksne persisktalende<br \/>\nTirsdage \u2013 18:00 til 20:00<\/li>\n<li style=\"text-align: justify;\">Tajweed &amp; Flydende klasse for voksne arabisk talende<br \/>\nOnsdage \u2013 18:00 til 20:00<\/li>\n<li style=\"text-align: justify;\">Grundl\u00e6ggende l\u00e6sning &amp; Prim\u00e6r Tajweed klasse for voksne<br \/>\nOnsdage \u2013 18:00 til 20:00<\/li>\n<li style=\"text-align: justify;\">L\u00e6sning, flydende, memorering &amp; Tarteel klasse (Alder 9\u201315) \u2013 Arabisk &amp; Persisk<br \/>\nTorsdage \u2013 18:30 til 21:00<\/li>\n<li style=\"text-align: justify;\">Let og introducerende korankoncept klasse for voksne<br \/>\nFredage \u2013 11:30 til 13:00<\/li>\n<li style=\"text-align: justify;\">\u201cKvinder i Koranen\u201d klasse (Voksne)<br \/>\nFredage \u2013 11:30 til 13:00<\/li>\n<\/ol>\n<h4 style=\"text-align: left;\">Vigtige bem\u00e6rkninger<\/h4>\n<ul style=\"text-align: left;\">\n<li>Alle klasser er dedikeret til piger og kvinder, medmindre andet er angivet.<\/li>\n<li>Persiske sproguddannelsesklasser for drenge og piger (unge &amp; teenagere) er tilg\u00e6ngelige hos den Persiske Forening om l\u00f8rdagen fra 10:30 til 13:00 for b\u00e5de persiske og ikke-persiske talere.<\/li>\n<li>En s\u00e6rlig Telegram-kanal for S\u00f8sterafdelingen i Koranhuset er oprettet. Du er velkommen til at tilslutte dig for at holde dig opdateret om programmer.<br \/>\n<a href=\"https:\/\/t.me\/KKuranHuset\" target=\"_blank\" rel=\"noopener\">https:\/\/t.me\/KKuranHuset<\/a><\/li>\n<\/ul>\n<h4 style=\"text-align: left;\">Tilmelding &amp; Kontakt<\/h4>\n<p style=\"text-align: left;\">For tilmelding eller sp\u00f8rgsm\u00e5l, kontakt os venligst:<\/p>\n<p style=\"text-align: left;\">Telefon:<br \/>\n+45 2650 0819<br \/>\n+45 9180 2095<\/p>\n<p style=\"direction: ltr; text-align: center;\">Email: <a href=\"mailto:koranhuset@imamalimoske.dk\">koranhuset@imamalimoske.dk<br \/>\n<\/a><\/p>\n","protected":false},"excerpt":{"rendered":"<p>Koranhuset \u2013 Imam Ali (AS) Mosk\u00e9 (S\u00f8sterafdelingen) Annonce af Koranuddannelsesprogrammer for \u00e5ret 2018\u20132019 S\u00f8sterafdelingen i Koranhuset ved Imam Ali (AS) Mosk\u00e9 annoncerer starten p\u00e5 sine koranuddannelsesprogrammer fra 19\/08. Klasseskema Avanceret Tajweed-regler klasse (Ungdom) L\u00f8rdage \u2013 12:00 til 13:00 Grundl\u00e6ggende Koranl\u00e6sning for persisktalende L\u00f8rdage \u2013 14:00 til 15:00 Takleef &amp; Let Fiqh klasse for piger (Alder &hellip;<\/p>\n","protected":false},"author":1,"featured_media":0,"parent":0,"menu_order":0,"comment_status":"closed","ping_status":"closed","template":"","meta":{"footnotes":""},"class_list":["post-31315","page","type-page","status-publish","hentry"],"_links":{"self":[{"href":"https:\/\/imamalimoske.dk\/dk\/wp-json\/wp\/v2\/pages\/31315","targetHints":{"allow":["GET"]}}],"collection":[{"href":"https:\/\/imamalimoske.dk\/dk\/wp-json\/wp\/v2\/pages"}],"about":[{"href":"https:\/\/imamalimoske.dk\/dk\/wp-json\/wp\/v2\/types\/page"}],"author":[{"embeddable":true,"href":"https:\/\/imamalimoske.dk\/dk\/wp-json\/wp\/v2\/users\/1"}],"replies":[{"embeddable":true,"href":"https:\/\/imamalimoske.dk\/dk\/wp-json\/wp\/v2\/comments?post=31315"}],"version-history":[{"count":1,"href":"https:\/\/imamalimoske.dk\/dk\/wp-json\/wp\/v2\/pages\/31315\/revisions"}],"predecessor-version":[{"id":31316,"href":"https:\/\/imamalimoske.dk\/dk\/wp-json\/wp\/v2\/pages\/31315\/revisions\/31316"}],"wp:attachment":[{"href":"https:\/\/imamalimoske.dk\/dk\/wp-json\/wp\/v2\/media?parent=31315"}],"curies":[{"name":"wp","href":"https:\/\/api.w.org\/{rel}","templated":true}]}}