{"id":31313,"date":"2025-11-30T12:54:32","date_gmt":"2025-11-30T11:54:32","guid":{"rendered":"https:\/\/imamalimoske.dk\/dk\/?page_id=31313"},"modified":"2025-11-30T12:57:15","modified_gmt":"2025-11-30T11:57:15","slug":"persiske-undervisnings-institut","status":"publish","type":"page","link":"https:\/\/imamalimoske.dk\/dk\/persiske-undervisnings-institut\/","title":{"rendered":"persiske undervisnings Institut"},"content":{"rendered":"<p dir=\"ltr\">Det persiske undervisnings Institut i Imam Ali Moskeen (as), har stiftet et samarbejde med Saadi foreningen og der vil dermed blive startet nye persisk forl\u00f8b.<\/p>\n<p dir=\"ltr\">De interesserede bedes venligst tilmelde sig telegram kanelen<br \/>\nhttps:\/\/t.me\/AnjumanZabanFarsi<\/p>\n<p dir=\"ltr\">eller kontakte os p\u00e5<br \/>\ntlf nr: +4571659466.<\/p>\n<p dir=\"ltr\">Eller I kan besoge os Om l\u00f8rdagen p\u00e5 Instituts adresse:<br \/>\nVibevej 23,3 sal 2400 K\u00f8benhavn Nv<\/p>\n<p dir=\"ltr\">De ansvarlige for det persiske<\/p>\n<p dir=\"ltr\">undervisnings Institut<\/p>\n","protected":false},"excerpt":{"rendered":"<p>Det persiske undervisnings Institut i Imam Ali Moskeen (as), har stiftet et samarbejde med Saadi foreningen og der vil dermed blive startet nye persisk forl\u00f8b. De interesserede bedes venligst tilmelde sig telegram kanelen https:\/\/t.me\/AnjumanZabanFarsi eller kontakte os p\u00e5 tlf nr: +4571659466. Eller I kan besoge os Om l\u00f8rdagen p\u00e5 Instituts adresse: Vibevej 23,3 sal 2400 &hellip;<\/p>\n","protected":false},"author":1,"featured_media":0,"parent":0,"menu_order":0,"comment_status":"closed","ping_status":"closed","template":"","meta":{"footnotes":""},"class_list":["post-31313","page","type-page","status-publish","hentry"],"_links":{"self":[{"href":"https:\/\/imamalimoske.dk\/dk\/wp-json\/wp\/v2\/pages\/31313","targetHints":{"allow":["GET"]}}],"collection":[{"href":"https:\/\/imamalimoske.dk\/dk\/wp-json\/wp\/v2\/pages"}],"about":[{"href":"https:\/\/imamalimoske.dk\/dk\/wp-json\/wp\/v2\/types\/page"}],"author":[{"embeddable":true,"href":"https:\/\/imamalimoske.dk\/dk\/wp-json\/wp\/v2\/users\/1"}],"replies":[{"embeddable":true,"href":"https:\/\/imamalimoske.dk\/dk\/wp-json\/wp\/v2\/comments?post=31313"}],"version-history":[{"count":2,"href":"https:\/\/imamalimoske.dk\/dk\/wp-json\/wp\/v2\/pages\/31313\/revisions"}],"predecessor-version":[{"id":31317,"href":"https:\/\/imamalimoske.dk\/dk\/wp-json\/wp\/v2\/pages\/31313\/revisions\/31317"}],"wp:attachment":[{"href":"https:\/\/imamalimoske.dk\/dk\/wp-json\/wp\/v2\/media?parent=31313"}],"curies":[{"name":"wp","href":"https:\/\/api.w.org\/{rel}","templated":true}]}}