{"id":16111,"date":"2017-09-19T16:18:46","date_gmt":"2017-09-19T14:18:46","guid":{"rendered":"https:\/\/imamalimoske.dk\/dk\/?page_id=16111"},"modified":"2025-11-29T15:44:20","modified_gmt":"2025-11-29T14:44:20","slug":"fredagsboennen","status":"publish","type":"page","link":"https:\/\/imamalimoske.dk\/dk\/fredagsboennen\/","title":{"rendered":"Fredagsb\u00f8n"},"content":{"rendered":"<p>Fredag er den islamiske helligdag, hvilket har en stor betydning i islam. Det er en dag, hvor alle muslimer er opfordret til at gl\u00e6de deres b\u00f8rn og n\u00e6rmeste, uanset om det er ved at bruge tid med dem eller bringe dem noget, de vil gl\u00e6des af. En af fredagens vigtigste aktiviteter er fredagsb\u00f8nnen.<\/p>\n<p>Fredagsb\u00f8nnen er en f\u00e6llesb\u00f8n, der best\u00e5r af to taler. Den ene tale omhandler det teologiske aspekt, mens den anden er en samfundsrelateret tale.<\/p>\n<p>For at fremme forst\u00e5elsen hos alle moskeg\u00e6ngere tilbyder Imam Ali Moskeen taler p\u00e5 tre forskellige sprog i forbindelse med fredagsb\u00f8nnen. Inden b\u00f8nnen bliver der afholdt en dansk tale. Derefter foreg\u00e5r selve fredagsb\u00f8nnens tale p\u00e5 arabisk og persisk, mens den danske overs\u00e6ttelse af talen bliver vist p\u00e5 sk\u00e6rmene.<\/p>\n<p>Alle er velkomne uanset k\u00f8n, alder eller religion.<\/p>\n","protected":false},"excerpt":{"rendered":"<p>Fredag er den islamiske helligdag, hvilket har en stor betydning i islam. Det er en dag, hvor alle muslimer er opfordret til at gl\u00e6de deres b\u00f8rn og n\u00e6rmeste, uanset om det er ved at bruge tid med dem eller bringe dem noget, de vil gl\u00e6des af. En af fredagens vigtigste aktiviteter er fredagsb\u00f8nnen. Fredagsb\u00f8nnen er &hellip;<\/p>\n","protected":false},"author":1,"featured_media":16256,"parent":0,"menu_order":0,"comment_status":"closed","ping_status":"closed","template":"","meta":{"footnotes":""},"class_list":["post-16111","page","type-page","status-publish","has-post-thumbnail","hentry"],"_links":{"self":[{"href":"https:\/\/imamalimoske.dk\/dk\/wp-json\/wp\/v2\/pages\/16111","targetHints":{"allow":["GET"]}}],"collection":[{"href":"https:\/\/imamalimoske.dk\/dk\/wp-json\/wp\/v2\/pages"}],"about":[{"href":"https:\/\/imamalimoske.dk\/dk\/wp-json\/wp\/v2\/types\/page"}],"author":[{"embeddable":true,"href":"https:\/\/imamalimoske.dk\/dk\/wp-json\/wp\/v2\/users\/1"}],"replies":[{"embeddable":true,"href":"https:\/\/imamalimoske.dk\/dk\/wp-json\/wp\/v2\/comments?post=16111"}],"version-history":[{"count":3,"href":"https:\/\/imamalimoske.dk\/dk\/wp-json\/wp\/v2\/pages\/16111\/revisions"}],"predecessor-version":[{"id":31289,"href":"https:\/\/imamalimoske.dk\/dk\/wp-json\/wp\/v2\/pages\/16111\/revisions\/31289"}],"wp:featuredmedia":[{"embeddable":true,"href":"https:\/\/imamalimoske.dk\/dk\/wp-json\/wp\/v2\/media\/16256"}],"wp:attachment":[{"href":"https:\/\/imamalimoske.dk\/dk\/wp-json\/wp\/v2\/media?parent=16111"}],"curies":[{"name":"wp","href":"https:\/\/api.w.org\/{rel}","templated":true}]}}