{"id":15870,"date":"2017-07-21T09:44:42","date_gmt":"2017-07-21T07:44:42","guid":{"rendered":"https:\/\/imamalimoske.dk\/dk\/?page_id=15870"},"modified":"2025-11-29T13:49:26","modified_gmt":"2025-11-29T12:49:26","slug":"booking-af-rundvisning","status":"publish","type":"page","link":"https:\/\/imamalimoske.dk\/dk\/aktiviteter\/booking-af-rundvisning\/","title":{"rendered":"Rundvisning"},"content":{"rendered":"[vc_row][vc_column width=&#8221;1\/2&#8243;][vc_text_separator title=&#8221;BOOKING AF RUNDVISNING&#8221; title_align=&#8221;separator_align_left&#8221;][vc_column_text]<noscript class=\"ninja-forms-noscript-message\">\n\tBem\u00e6rk: JavaScript er n\u00f8dvendig til dette indhold.<\/noscript>\n<div id=\"nf-form-5-cont\" class=\"nf-form-cont\" aria-live=\"polite\" aria-labelledby=\"nf-form-title-5\" aria-describedby=\"nf-form-errors-5\" role=\"form\">\n\n    <div class=\"nf-loading-spinner\"><\/div>\n\n<\/div>\n        <!-- That data is being printed as a workaround to page builders reordering the order of the scripts loaded-->\n        <script>var formDisplay=1;var nfForms=nfForms||[];var form=[];form.id='5';form.settings={\"objectType\":\"Form Setting\",\"editActive\":true,\"title\":\"Rundvisning\",\"show_title\":1,\"clear_complete\":1,\"hide_complete\":1,\"default_label_pos\":\"above\",\"wrapper_class\":\"\",\"element_class\":\"\",\"key\":\"\",\"add_submit\":0,\"currency\":\"\",\"logged_in\":false,\"not_logged_in_msg\":\"\",\"sub_limit_msg\":\"The Form has reached it's submission limit.\",\"calculations\":[],\"formContentData\":[\"navn_1500622713116\",\"institutionen_firmaets_navn_1500622736217\",\"phone_1524746882183\",\"email_1500622746528\",\"onsket_dato_for_rundvisning_1524746914111\",\"besked_1500622868433\",\"submit_1500622767351\"],\"unique_field_error\":\"A form with this value has already been submitted.\",\"allow_public_link\":0,\"embed_form\":\"\",\"changeEmailErrorMsg\":\"Angiv en gyldig e-mailadresse!\",\"changeDateErrorMsg\":\"Please enter a valid date!\",\"confirmFieldErrorMsg\":\"Disse felter skal v\\u00e6re identiske!\",\"fieldNumberNumMinError\":\"Antal min. fejl\",\"fieldNumberNumMaxError\":\"Antal maks. fejl\",\"fieldNumberIncrementBy\":\"\\u00d8g med \",\"formErrorsCorrectErrors\":\"Ret fejlene, f\\u00f8r indsendelse af formularen.\",\"validateRequiredField\":\"Dette er et p\\u00e5kr\\u00e6vet felt.\",\"honeypotHoneypotError\":\"Honeypot-fejl\",\"fieldsMarkedRequired\":\"Felter markeret med en <span class=\\\"ninja-forms-req-symbol\\\">*<\\\/span> skal udfyldes\",\"drawerDisabled\":false,\"form_title_heading_level\":\"3\",\"ninjaForms\":\"Ninja-formularer\",\"fieldTextareaRTEInsertLink\":\"Inds\\u00e6t link\",\"fieldTextareaRTEInsertMedia\":\"Inds\\u00e6t medie\",\"fieldTextareaRTESelectAFile\":\"V&aelig;lg en fil\",\"formHoneypot\":\"Hvis du er et menneske og kan se dette felt, skal du lade det v\\u00e6re tomt.\",\"fileUploadOldCodeFileUploadInProgress\":\"Filoverf\\u00f8rsel er i gang.\",\"fileUploadOldCodeFileUpload\":\"OVERF\\u00d8RSEL AF FIL\",\"currencySymbol\":\"DKK\",\"thousands_sep\":\".\",\"decimal_point\":\",\",\"siteLocale\":\"da_DK\",\"dateFormat\":\"d\\\/M\\\/Y\",\"startOfWeek\":\"1\",\"of\":\"af\",\"previousMonth\":\"Previous Month\",\"nextMonth\":\"Next Month\",\"months\":[\"January\",\"February\",\"March\",\"April\",\"May\",\"June\",\"July\",\"August\",\"September\",\"October\",\"November\",\"December\"],\"monthsShort\":[\"Jan\",\"Feb\",\"Mar\",\"Apr\",\"May\",\"Jun\",\"Jul\",\"Aug\",\"Sep\",\"Oct\",\"Nov\",\"Dec\"],\"weekdays\":[\"Sunday\",\"Monday\",\"Tuesday\",\"Wednesday\",\"Thursday\",\"Friday\",\"Saturday\"],\"weekdaysShort\":[\"Sun\",\"Mon\",\"Tue\",\"Wed\",\"Thu\",\"Fri\",\"Sat\"],\"weekdaysMin\":[\"Su\",\"Mo\",\"Tu\",\"We\",\"Th\",\"Fr\",\"Sa\"],\"recaptchaConsentMissing\":\"reCaptcha validation couldn&#039;t load.\",\"recaptchaMissingCookie\":\"reCaptcha v3 validation couldn&#039;t load the cookie needed to submit the form.\",\"recaptchaConsentEvent\":\"Accept reCaptcha cookies before sending the form.\",\"currency_symbol\":\"\",\"beforeForm\":\"\",\"beforeFields\":\"\",\"afterFields\":\"\",\"afterForm\":\"\"};form.fields=[{\"objectType\":\"Field\",\"objectDomain\":\"fields\",\"editActive\":false,\"order\":1,\"idAttribute\":\"id\",\"type\":\"textbox\",\"label\":\"Navn\",\"key\":\"navn_1500622713116\",\"label_pos\":\"above\",\"required\":1,\"default\":\"\",\"placeholder\":\"\",\"container_class\":\"\",\"element_class\":\"\",\"input_limit\":\"\",\"input_limit_type\":\"characters\",\"input_limit_msg\":\"Tegn tilbage\",\"manual_key\":false,\"disable_input\":\"\",\"admin_label\":\"\",\"help_text\":\"\",\"desc_text\":\"\",\"disable_browser_autocomplete\":\"\",\"mask\":\"\",\"custom_mask\":\"\",\"drawerDisabled\":false,\"custom_name_attribute\":\"\",\"personally_identifiable\":\"\",\"value\":\"\",\"id\":21,\"beforeField\":\"\",\"afterField\":\"\",\"parentType\":\"textbox\",\"element_templates\":[\"textbox\",\"input\"],\"old_classname\":\"\",\"wrap_template\":\"wrap\"},{\"objectType\":\"Field\",\"objectDomain\":\"fields\",\"editActive\":false,\"order\":2,\"idAttribute\":\"id\",\"type\":\"textbox\",\"label\":\"Institutionen\\\/firmaets navn\",\"key\":\"institutionen_firmaets_navn_1500622736217\",\"label_pos\":\"above\",\"required\":1,\"default\":\"\",\"placeholder\":\"\",\"container_class\":\"\",\"element_class\":\"\",\"input_limit\":\"\",\"input_limit_type\":\"characters\",\"input_limit_msg\":\"Tegn tilbage\",\"manual_key\":false,\"disable_input\":\"\",\"admin_label\":\"\",\"help_text\":\"\",\"desc_text\":\"\",\"disable_browser_autocomplete\":\"\",\"mask\":\"\",\"custom_mask\":\"\",\"drawerDisabled\":false,\"custom_name_attribute\":\"\",\"personally_identifiable\":\"\",\"value\":\"\",\"id\":22,\"beforeField\":\"\",\"afterField\":\"\",\"parentType\":\"textbox\",\"element_templates\":[\"textbox\",\"input\"],\"old_classname\":\"\",\"wrap_template\":\"wrap\"},{\"objectType\":\"Field\",\"objectDomain\":\"fields\",\"editActive\":false,\"order\":3,\"idAttribute\":\"id\",\"type\":\"phone\",\"label\":\"Tlf.\",\"key\":\"phone_1524746882183\",\"label_pos\":\"above\",\"required\":1,\"default\":\"\",\"placeholder\":\"\",\"container_class\":\"\",\"element_class\":\"\",\"input_limit\":\"\",\"input_limit_type\":\"characters\",\"input_limit_msg\":\"Tegn tilbage\",\"manual_key\":false,\"admin_label\":\"\",\"help_text\":\"\",\"mask\":\"\",\"custom_mask\":\"\",\"custom_name_attribute\":\"phone\",\"personally_identifiable\":1,\"drawerDisabled\":false,\"value\":\"\",\"id\":26,\"beforeField\":\"\",\"afterField\":\"\",\"parentType\":\"textbox\",\"element_templates\":[\"tel\",\"textbox\",\"input\"],\"old_classname\":\"\",\"wrap_template\":\"wrap\"},{\"objectType\":\"Field\",\"objectDomain\":\"fields\",\"editActive\":false,\"order\":4,\"idAttribute\":\"id\",\"type\":\"email\",\"label\":\"E-mail\",\"key\":\"email_1500622746528\",\"label_pos\":\"above\",\"required\":1,\"default\":\"\",\"placeholder\":\"\",\"container_class\":\"\",\"element_class\":\"\",\"admin_label\":\"\",\"help_text\":\"\",\"desc_text\":\"\",\"custom_name_attribute\":\"email\",\"personally_identifiable\":1,\"value\":\"\",\"drawerDisabled\":false,\"id\":23,\"beforeField\":\"\",\"afterField\":\"\",\"parentType\":\"email\",\"element_templates\":[\"email\",\"input\"],\"old_classname\":\"\",\"wrap_template\":\"wrap\"},{\"objectType\":\"Field\",\"objectDomain\":\"fields\",\"editActive\":false,\"order\":5,\"idAttribute\":\"id\",\"type\":\"date\",\"label\":\"\\u00d8nsket dato for rundvisning\",\"key\":\"onsket_dato_for_rundvisning_1524746914111\",\"label_pos\":\"above\",\"required\":1,\"placeholder\":\"\",\"container_class\":\"\",\"element_class\":\"\",\"manual_key\":false,\"admin_label\":\"\",\"help_text\":\"\",\"date_format\":\"DD\\\/MM\\\/YYYY\",\"year_range_start\":\"\",\"year_range_end\":\"\",\"drawerDisabled\":false,\"date_mode\":\"date_only\",\"hours_24\":0,\"minute_increment\":5,\"id\":27,\"beforeField\":\"\",\"afterField\":\"\",\"value\":\"\",\"parentType\":\"date\",\"element_templates\":[\"date\",\"textbox\",\"input\"],\"old_classname\":\"\",\"wrap_template\":\"wrap\"},{\"objectType\":\"Field\",\"objectDomain\":\"fields\",\"editActive\":false,\"order\":6,\"idAttribute\":\"id\",\"type\":\"textarea\",\"label\":\"Besked\",\"key\":\"besked_1500622868433\",\"label_pos\":\"above\",\"required\":1,\"default\":\"\",\"placeholder\":\"\",\"container_class\":\"\",\"element_class\":\"\",\"input_limit\":\"\",\"input_limit_type\":\"characters\",\"input_limit_msg\":\"Tegn tilbage\",\"manual_key\":false,\"disable_input\":\"\",\"admin_label\":\"\",\"help_text\":\"<p><br><\\\/p>\",\"desc_text\":\"<p>Uddyb dine \\u00f8nsker i feltet her. Vi vil s\\u00e5 vidt muligt pr\\u00f8ve at im\\u00f8dekomme dem.<br><\\\/p>\",\"disable_browser_autocomplete\":\"\",\"textarea_rte\":\"\",\"disable_rte_mobile\":\"\",\"textarea_media\":\"\",\"drawerDisabled\":false,\"value\":\"\",\"id\":24,\"beforeField\":\"\",\"afterField\":\"\",\"parentType\":\"textarea\",\"element_templates\":[\"textarea\",\"input\"],\"old_classname\":\"\",\"wrap_template\":\"wrap\"},{\"objectType\":\"Field\",\"objectDomain\":\"fields\",\"editActive\":false,\"order\":7,\"idAttribute\":\"id\",\"type\":\"submit\",\"label\":\"Send\",\"processing_label\":\"Behandler\",\"container_class\":\"\",\"element_class\":\"\",\"key\":\"submit_1500622767351\",\"admin_label\":\"\",\"id\":25,\"beforeField\":\"\",\"afterField\":\"\",\"value\":\"\",\"label_pos\":\"above\",\"parentType\":\"textbox\",\"element_templates\":[\"submit\",\"button\",\"input\"],\"old_classname\":\"\",\"wrap_template\":\"wrap-no-label\"}];nfForms.push(form);<\/script>\n        [\/vc_column_text][\/vc_column][vc_column width=&#8221;1\/2&#8243;][vc_text_separator title=&#8221;PRISER FOR RUNDVISNING&#8221; title_align=&#8221;separator_align_right&#8221;][vc_column_text]<iframe loading=\"lazy\" src=\"https:\/\/www.youtube.com\/embed\/lvoghZ15um4\" width=\"520\" height=\"270\" frameborder=\"0\" allowfullscreen=\"allowfullscreen\"><\/iframe><\/p>\n<p>Har du lyst til at bes\u00f8ge vores moske og h\u00f8re mere omkring arkitekturen? Har du lyst til at vide mere om shiismen, og hvad der g\u00f8r vores moske helt s\u00e6rlig? Hos Imam Ali Moskeen tilbyder vi guidede rundvisninger \u00e5ret rundt.<\/p>\n<p><span style=\"font-size: large;\"><strong>M\u00e5nedlig rundvisning<\/strong><\/span><br \/>\nDen f\u00f8rste s\u00f8ndag i m\u00e5neden kl. 14.00 vil der v\u00e6re gratis rundvisning i moskeen for private. Her vil du blive guidet rundt i moskeens forskellige rum, f\u00e5 en introduktion til Islam og f\u00e5 indblik i hvad det er moskeen bliver brugt til til dagligt. Der vil ligeledes v\u00e6re tid til at f\u00e5 besvaret sine\u00a0sp\u00f8rgsm\u00e5l.<\/p>\n<p>Det eneste du skal g\u00f8re for at deltage til disse rundvisninger er at m\u00f8de\u00a0op, s\u00e5 vil du blive tilknytte en omvisningsgruppe. De gratis s\u00f8ndagsrundvisninger\u00a0er af ca. 1\u00bd &#8211; 2 timers varighed. Du er dog mere end velkommen til at blive der efterf\u00f8lgende.<\/p>\n<p><span style=\"font-size: large;\"><strong>Rundvisning for grupper<\/strong><\/span><br \/>\nS\u00f8ger du derimod en rundvisning i moskeen p\u00e5 vegne af en offentlig institution, en virksomhed, en forening el.lign. tilbyder vi ligeledes guidede rundvisninger med masser af mulighed for besvarelse af sp\u00f8rgsm\u00e5l. Disse rundvisninger varer typisk 1-1\u00bd time. Rundvisningerne kan ligeledes tilpasses hvis I s\u00f8ger noget helt bestemt.<\/p>\n<p>&#8211; Pris for uddannelsesinstitutioner: 800 kr.<br \/>\n&#8211; \u00a0Pris for nationale g\u00e6ster: 1000 kr.<br \/>\n&#8211; \u00a0Pris for internationale g\u00e6ster: 1200 kr.<\/p>\n<p>Maks. antal personer pr. rundvisning: 30 personer<br \/>\n*Elektroniske (EAN) faktura koster 50 kr. ekstra i administrationsgebyr.<\/p>\n<p>Rundvisningerne starter altid i konferencesalen.<\/p>\n<p>Du er altid velkommen til at kigge forbi moskeen inden for vores \u00e5bningstider.<\/p>\n<p>NB: Kun rundvisninger aftalt gennem <a href=\"mailto:rundvisning@imamalimoske.dk\">rundvisning@imamalimoskeen.dk<\/a> er godkendt af Imam Ali Moskeen. Derfor st\u00e5r vi kun inde for rundvisninger booket over <a href=\"mailto:rundvisning@imamalimoske.dk\">rundvisning@imamalimoskeen.dk<\/a>\u00a0eller via siden her.[\/vc_column_text][\/vc_column][\/vc_row]\n","protected":false},"excerpt":{"rendered":"<p>[vc_row][vc_column width=&#8221;1\/2&#8243;][vc_text_separator title=&#8221;BOOKING AF RUNDVISNING&#8221; title_align=&#8221;separator_align_left&#8221;][vc_column_text][\/vc_column_text][\/vc_column][vc_column width=&#8221;1\/2&#8243;][vc_text_separator title=&#8221;PRISER FOR RUNDVISNING&#8221; title_align=&#8221;separator_align_right&#8221;][vc_column_text] Har du lyst til at bes\u00f8ge vores moske og h\u00f8re mere omkring arkitekturen? Har du lyst til at vide mere om shiismen, og hvad der g\u00f8r vores moske helt s\u00e6rlig? Hos Imam Ali Moskeen tilbyder vi guidede rundvisninger \u00e5ret rundt. M\u00e5nedlig rundvisning Den f\u00f8rste &hellip;<\/p>\n","protected":false},"author":1,"featured_media":27299,"parent":15650,"menu_order":0,"comment_status":"closed","ping_status":"closed","template":"","meta":{"footnotes":""},"class_list":["post-15870","page","type-page","status-publish","has-post-thumbnail","hentry"],"_links":{"self":[{"href":"https:\/\/imamalimoske.dk\/dk\/wp-json\/wp\/v2\/pages\/15870","targetHints":{"allow":["GET"]}}],"collection":[{"href":"https:\/\/imamalimoske.dk\/dk\/wp-json\/wp\/v2\/pages"}],"about":[{"href":"https:\/\/imamalimoske.dk\/dk\/wp-json\/wp\/v2\/types\/page"}],"author":[{"embeddable":true,"href":"https:\/\/imamalimoske.dk\/dk\/wp-json\/wp\/v2\/users\/1"}],"replies":[{"embeddable":true,"href":"https:\/\/imamalimoske.dk\/dk\/wp-json\/wp\/v2\/comments?post=15870"}],"version-history":[{"count":2,"href":"https:\/\/imamalimoske.dk\/dk\/wp-json\/wp\/v2\/pages\/15870\/revisions"}],"predecessor-version":[{"id":31272,"href":"https:\/\/imamalimoske.dk\/dk\/wp-json\/wp\/v2\/pages\/15870\/revisions\/31272"}],"up":[{"embeddable":true,"href":"https:\/\/imamalimoske.dk\/dk\/wp-json\/wp\/v2\/pages\/15650"}],"wp:featuredmedia":[{"embeddable":true,"href":"https:\/\/imamalimoske.dk\/dk\/wp-json\/wp\/v2\/media\/27299"}],"wp:attachment":[{"href":"https:\/\/imamalimoske.dk\/dk\/wp-json\/wp\/v2\/media?parent=15870"}],"curies":[{"name":"wp","href":"https:\/\/api.w.org\/{rel}","templated":true}]}}