{"id":15640,"date":"2017-06-30T23:13:51","date_gmt":"2017-06-30T21:13:51","guid":{"rendered":"https:\/\/imamalimoske.dk\/dk\/?page_id=15640"},"modified":"2025-11-29T08:46:38","modified_gmt":"2025-11-29T07:46:38","slug":"om-os","status":"publish","type":"page","link":"https:\/\/imamalimoske.dk\/dk\/om-os\/","title":{"rendered":"Om os"},"content":{"rendered":"<h3 style=\"text-align: justify;\"><\/h3>\n<p style=\"text-align: justify;\">Imam Ali Moskeen blev grundlagt i 1994 som den f\u00f8rste shiitiske moske i Danmark. Dette skete, da shiamuslimerne i K\u00f8benhavn besluttede sig for at samle penge ind til at grundl\u00e6gge en moske, der havde til form\u00e5l at samle det shiitiske samfund i Danmark og dermed ogs\u00e5 de kommende generationer af shiamuslimer. St\u00f8tten kom af private midler.<\/p>\n<p style=\"direction: ltr; text-align: justify;\">Syv \u00e5r senere lykkedes det at k\u00f8be et gammelt maskinv\u00e6rksted, hvilket blev ombygget til moskeens f\u00f8rste lokaler.<\/p>\n<p style=\"text-align: justify;\">I 2007 ans\u00f8gte Imam Ali Moskeen om at f\u00e5 tilladelse til at bygge en ny moske p\u00e5 grunden. M\u00e5let var at bygge en traditionel moske med kuppel og minareter og dermed repr\u00e6sentere moskeen bedre. To \u00e5r senere lykkedes det at f\u00e5 tilladelsen, og derefter kunne byggeriet begynde.<\/p>\n<p style=\"text-align: justify;\">Den 1. oktober 2015 stod det nye moskebyggeri klar til at modtage endnu flere, end der tidligere var plads til.<\/p>\n","protected":false},"excerpt":{"rendered":"<p>Imam Ali Moskeen blev grundlagt i 1994 som den f\u00f8rste shiitiske moske i Danmark. Dette skete, da shiamuslimerne i K\u00f8benhavn besluttede sig for at samle penge ind til at grundl\u00e6gge en moske, der havde til form\u00e5l at samle det shiitiske samfund i Danmark og dermed ogs\u00e5 de kommende generationer af shiamuslimer. St\u00f8tten kom af private &hellip;<\/p>\n","protected":false},"author":1,"featured_media":0,"parent":0,"menu_order":0,"comment_status":"closed","ping_status":"closed","template":"","meta":{"footnotes":""},"class_list":["post-15640","page","type-page","status-publish","hentry"],"_links":{"self":[{"href":"https:\/\/imamalimoske.dk\/dk\/wp-json\/wp\/v2\/pages\/15640","targetHints":{"allow":["GET"]}}],"collection":[{"href":"https:\/\/imamalimoske.dk\/dk\/wp-json\/wp\/v2\/pages"}],"about":[{"href":"https:\/\/imamalimoske.dk\/dk\/wp-json\/wp\/v2\/types\/page"}],"author":[{"embeddable":true,"href":"https:\/\/imamalimoske.dk\/dk\/wp-json\/wp\/v2\/users\/1"}],"replies":[{"embeddable":true,"href":"https:\/\/imamalimoske.dk\/dk\/wp-json\/wp\/v2\/comments?post=15640"}],"version-history":[{"count":0,"href":"https:\/\/imamalimoske.dk\/dk\/wp-json\/wp\/v2\/pages\/15640\/revisions"}],"wp:attachment":[{"href":"https:\/\/imamalimoske.dk\/dk\/wp-json\/wp\/v2\/media?parent=15640"}],"curies":[{"name":"wp","href":"https:\/\/api.w.org\/{rel}","templated":true}]}}